{"id":175,"date":"2026-01-27T09:38:57","date_gmt":"2026-01-27T09:38:57","guid":{"rendered":"https:\/\/artplanta.zengo.eu\/?page_id=175"},"modified":"2026-03-01T08:11:59","modified_gmt":"2026-03-01T08:11:59","slug":"tudastar","status":"publish","type":"page","link":"https:\/\/artplanta.zengo.eu\/en\/tudastar\/","title":{"rendered":"Knowledge Hub"},"content":{"rendered":"<style>.kadence-column175_e3360a-46 > .kt-inside-inner-col{display:flex;}.kadence-column175_e3360a-46 > .kt-inside-inner-col{padding-top:var(--global-kb-spacing-lg, 3rem);padding-right:var(--global-kb-spacing-lg, 3rem);padding-bottom:var(--global-kb-spacing-lg, 3rem);padding-left:var(--global-kb-spacing-lg, 3rem);}.kadence-column175_e3360a-46 > .kt-inside-inner-col{min-height:300px;}.kadence-column175_e3360a-46 > .kt-inside-inner-col,.kadence-column175_e3360a-46 > .kt-inside-inner-col:before{border-top-left-radius:0px;border-top-right-radius:0px;border-bottom-right-radius:0px;border-bottom-left-radius:0px;}.kadence-column175_e3360a-46 > .kt-inside-inner-col{column-gap:var(--global-kb-gap-sm, 1rem);}.kadence-column175_e3360a-46 > .kt-inside-inner-col{flex-direction:column;justify-content:flex-end;}.kadence-column175_e3360a-46 > .kt-inside-inner-col > .aligncenter{width:100%;}.kt-row-column-wrap > .kadence-column175_e3360a-46{align-self:flex-end;}.kt-inner-column-height-full:not(.kt-has-1-columns) > .wp-block-kadence-column.kadence-column175_e3360a-46{align-self:auto;}.kt-inner-column-height-full:not(.kt-has-1-columns) > .wp-block-kadence-column.kadence-column175_e3360a-46 > .kt-inside-inner-col{flex-direction:column;justify-content:flex-end;}.kadence-column175_e3360a-46 > .kt-inside-inner-col{background-image:url('https:\/\/artplanta.zengo.eu\/wp-content\/uploads\/2026\/02\/tudastar.jpg');background-size:cover;background-position:71% 26%;background-attachment:scroll;background-repeat:no-repeat;}.kadence-column175_e3360a-46 > .kt-inside-inner-col:before{background-color:var(--global-palette6, #718096);}.kadence-column175_e3360a-46{position:relative;}.kadence-column175_e3360a-46, .kt-inside-inner-col > .kadence-column175_e3360a-46:not(.specificity){margin-bottom:var(--global-kb-spacing-md, 2rem);}@media all and (max-width: 1024px){.kt-row-column-wrap > .kadence-column175_e3360a-46{align-self:flex-end;}}@media all and (max-width: 1024px){.kt-inner-column-height-full:not(.kt-has-1-columns) > .wp-block-kadence-column.kadence-column175_e3360a-46{align-self:auto;}}@media all and (max-width: 1024px){.kt-inner-column-height-full:not(.kt-has-1-columns) > .wp-block-kadence-column.kadence-column175_e3360a-46 > .kt-inside-inner-col{flex-direction:column;justify-content:flex-end;}}@media all and (max-width: 1024px){.kadence-column175_e3360a-46 > .kt-inside-inner-col{flex-direction:column;justify-content:flex-end;}}@media all and (max-width: 767px){.kt-row-column-wrap > .kadence-column175_e3360a-46{align-self:flex-end;}.kt-inner-column-height-full:not(.kt-has-1-columns) > .wp-block-kadence-column.kadence-column175_e3360a-46{align-self:auto;}.kt-inner-column-height-full:not(.kt-has-1-columns) > .wp-block-kadence-column.kadence-column175_e3360a-46 > .kt-inside-inner-col{flex-direction:column;justify-content:flex-end;}.kadence-column175_e3360a-46 > .kt-inside-inner-col{flex-direction:column;justify-content:flex-end;}}<\/style>\n<div class=\"wp-block-kadence-column kadence-column175_e3360a-46 kb-section-has-overlay\"><div class=\"kt-inside-inner-col\"><style>.wp-block-kadence-advancedheading.kt-adv-heading175_1d3189-01, .wp-block-kadence-advancedheading.kt-adv-heading175_1d3189-01[data-kb-block=\"kb-adv-heading175_1d3189-01\"]{text-align:center;font-size:var(--global-kb-font-size-xl, 3rem);font-style:normal;}.wp-block-kadence-advancedheading.kt-adv-heading175_1d3189-01 mark.kt-highlight, .wp-block-kadence-advancedheading.kt-adv-heading175_1d3189-01[data-kb-block=\"kb-adv-heading175_1d3189-01\"] mark.kt-highlight{font-style:normal;color:#f76a0c;-webkit-box-decoration-break:clone;box-decoration-break:clone;padding-top:0px;padding-right:0px;padding-bottom:0px;padding-left:0px;}.wp-block-kadence-advancedheading.kt-adv-heading175_1d3189-01 img.kb-inline-image, .wp-block-kadence-advancedheading.kt-adv-heading175_1d3189-01[data-kb-block=\"kb-adv-heading175_1d3189-01\"] img.kb-inline-image{width:150px;vertical-align:baseline;}<\/style>\n<h2 class=\"kt-adv-heading175_1d3189-01 wp-block-kadence-advancedheading has-theme-palette-8-color has-text-color\" data-kb-block=\"kb-adv-heading175_1d3189-01\">Tud\u00e1st\u00e1r<\/h2>\n\n\n<style>.wp-block-kadence-advancedheading.kt-adv-heading175_d72ff9-eb, .wp-block-kadence-advancedheading.kt-adv-heading175_d72ff9-eb[data-kb-block=\"kb-adv-heading175_d72ff9-eb\"]{text-align:center;font-size:var(--global-kb-font-size-md, 1.25rem);font-style:normal;}.wp-block-kadence-advancedheading.kt-adv-heading175_d72ff9-eb mark.kt-highlight, .wp-block-kadence-advancedheading.kt-adv-heading175_d72ff9-eb[data-kb-block=\"kb-adv-heading175_d72ff9-eb\"] mark.kt-highlight{font-style:normal;color:#f76a0c;-webkit-box-decoration-break:clone;box-decoration-break:clone;padding-top:0px;padding-right:0px;padding-bottom:0px;padding-left:0px;}.wp-block-kadence-advancedheading.kt-adv-heading175_d72ff9-eb img.kb-inline-image, .wp-block-kadence-advancedheading.kt-adv-heading175_d72ff9-eb[data-kb-block=\"kb-adv-heading175_d72ff9-eb\"] img.kb-inline-image{width:150px;vertical-align:baseline;}<\/style>\n<p class=\"kt-adv-heading175_d72ff9-eb wp-block-kadence-advancedheading has-theme-palette-8-color has-text-color\" data-kb-block=\"kb-adv-heading175_d72ff9-eb\"><strong>Betekint\u00e9s a mikroszkopikus gomb\u00e1k rejtett vil\u00e1g\u00e1ba <\/strong><\/p>\n<\/div><\/div>\n\n\n<style>.kb-row-layout-id175_efe71a-73 > .kt-row-column-wrap{align-content:start;}:where(.kb-row-layout-id175_efe71a-73 > .kt-row-column-wrap) > .wp-block-kadence-column{justify-content:start;}.kb-row-layout-id175_efe71a-73 > .kt-row-column-wrap{column-gap:var(--global-kb-gap-md, 2rem);row-gap:var(--global-kb-gap-md, 2rem);max-width:var( --global-content-width, 1290px );padding-left:var(--global-content-edge-padding);padding-right:var(--global-content-edge-padding);padding-top:var(--global-kb-spacing-lg, 3rem);padding-bottom:var(--global-kb-spacing-lg, 3rem);grid-template-columns:minmax(0, 1fr);}.kb-row-layout-id175_efe71a-73 > .kt-row-layout-overlay{opacity:0.30;}@media all and (max-width: 1024px){.kb-row-layout-id175_efe71a-73 > .kt-row-column-wrap{grid-template-columns:minmax(0, 1fr);}}@media all and (max-width: 767px){.kb-row-layout-id175_efe71a-73 > .kt-row-column-wrap{grid-template-columns:minmax(0, 1fr);}}<\/style><div class=\"kb-row-layout-wrap kb-row-layout-id175_efe71a-73 alignnone wp-block-kadence-rowlayout\"><div class=\"kt-row-column-wrap kt-has-1-columns kt-row-layout-equal kt-tab-layout-inherit kt-mobile-layout-row kt-row-valign-top kb-theme-content-width\">\n<style>.kadence-column175_b2cd99-c9 > .kt-inside-inner-col,.kadence-column175_b2cd99-c9 > .kt-inside-inner-col:before{border-top-left-radius:0px;border-top-right-radius:0px;border-bottom-right-radius:0px;border-bottom-left-radius:0px;}.kadence-column175_b2cd99-c9 > .kt-inside-inner-col{column-gap:var(--global-kb-gap-sm, 1rem);}.kadence-column175_b2cd99-c9 > .kt-inside-inner-col{flex-direction:column;}.kadence-column175_b2cd99-c9 > .kt-inside-inner-col > .aligncenter{width:100%;}.kadence-column175_b2cd99-c9 > .kt-inside-inner-col:before{opacity:0.3;}.kadence-column175_b2cd99-c9{position:relative;}@media all and (max-width: 1024px){.kadence-column175_b2cd99-c9 > .kt-inside-inner-col{flex-direction:column;justify-content:center;}}@media all and (max-width: 767px){.kadence-column175_b2cd99-c9 > .kt-inside-inner-col{flex-direction:column;justify-content:center;}}<\/style>\n<div class=\"wp-block-kadence-column kadence-column175_b2cd99-c9\"><div class=\"kt-inside-inner-col\"><style>.kb-posts-id-175_56b519-58 .kb-post-list-item{display:grid;}<\/style><ul class=\"wp-block-kadence-posts kb-posts kadence-posts-list kb-posts-id-175_56b519-58 content-wrap grid-cols kb-posts-style-boxed grid-sm-col-2 grid-lg-col-2 item-image-style-above\"><li class=\"kb-post-list-item\">\n\t<article class=\"entry content-bg loop-entry post-1 post type-post status-publish format-standard has-post-thumbnail hentry category-uncategorized\">\n\t\t\t\t<a aria-hidden=\"true\" tabindex=\"-1\" role=\"presentation\" class=\"post-thumbnail kadence-thumbnail-ratio-2-3\" href=\"https:\/\/artplanta.zengo.eu\/en\/hello-world\/\" aria-label=\"\u00dcdv\u00f6zl\u00fcnk az ArtPlanta Tud\u00e1st\u00e1r\u00e1ban!\">\n\t\t\t<div class=\"post-thumbnail-inner\">\n\t\t\t\t<img loading=\"lazy\" decoding=\"async\" width=\"768\" height=\"531\" src=\"https:\/\/artplanta.zengo.eu\/wp-content\/uploads\/2026\/02\/tudastar-768x531.jpg\" class=\"attachment-medium_large size-medium_large wp-post-image\" alt=\"\u00dcdv\u00f6zl\u00fcnk az ArtPlanta Tud\u00e1st\u00e1r\u00e1ban!\" srcset=\"https:\/\/artplanta.zengo.eu\/wp-content\/uploads\/2026\/02\/tudastar-768x531.jpg 768w, https:\/\/artplanta.zengo.eu\/wp-content\/uploads\/2026\/02\/tudastar-300x208.jpg 300w, https:\/\/artplanta.zengo.eu\/wp-content\/uploads\/2026\/02\/tudastar-18x12.jpg 18w, https:\/\/artplanta.zengo.eu\/wp-content\/uploads\/2026\/02\/tudastar.jpg 1000w\" sizes=\"auto, (max-width: 768px) 100vw, 768px\" \/>\t\t\t<\/div>\n\t\t<\/a><!-- .post-thumbnail -->\n\t\t\t\t<div class=\"entry-content-wrap\">\n\t\t\t<header class=\"entry-header\">\n\t<h2 class=\"entry-title\"><a href=\"https:\/\/artplanta.zengo.eu\/en\/hello-world\/\" rel=\"bookmark\">\u00dcdv\u00f6zl\u00fcnk az ArtPlanta Tud\u00e1st\u00e1r\u00e1ban!<\/a><\/h2><\/header><!-- .entry-header -->\n<footer class=\"entry-footer\">\n\t<\/footer><!-- .entry-footer -->\t\t<\/div>\n\t<\/article>\n<\/li>\n<\/ul><\/div><\/div>\n\n<\/div><\/div>","protected":false},"excerpt":{"rendered":"<p>Tud\u00e1st\u00e1r Betekint\u00e9s a mikroszkopikus gomb\u00e1k rejtett vil\u00e1g\u00e1ba<\/p>","protected":false},"author":1,"featured_media":0,"parent":0,"menu_order":0,"comment_status":"closed","ping_status":"closed","template":"","meta":{"_kad_blocks_custom_css":"","_kad_blocks_head_custom_js":"","_kad_blocks_body_custom_js":"","_kad_blocks_footer_custom_js":"","_kadence_starter_templates_imported_post":false,"_kad_post_transparent":"","_kad_post_title":"","_kad_post_layout":"","_kad_post_sidebar_id":"","_kad_post_content_style":"","_kad_post_vertical_padding":"","_kad_post_feature":"","_kad_post_feature_position":"","_kad_post_header":false,"_kad_post_footer":false,"_kad_post_classname":"","footnotes":""},"class_list":["post-175","page","type-page","status-publish","hentry"],"taxonomy_info":[],"featured_image_src_large":false,"author_info":{"display_name":"laci","author_link":"https:\/\/artplanta.zengo.eu\/en\/author\/admin\/"},"comment_info":0,"_links":{"self":[{"href":"https:\/\/artplanta.zengo.eu\/en\/wp-json\/wp\/v2\/pages\/175","targetHints":{"allow":["GET"]}}],"collection":[{"href":"https:\/\/artplanta.zengo.eu\/en\/wp-json\/wp\/v2\/pages"}],"about":[{"href":"https:\/\/artplanta.zengo.eu\/en\/wp-json\/wp\/v2\/types\/page"}],"author":[{"embeddable":true,"href":"https:\/\/artplanta.zengo.eu\/en\/wp-json\/wp\/v2\/users\/1"}],"replies":[{"embeddable":true,"href":"https:\/\/artplanta.zengo.eu\/en\/wp-json\/wp\/v2\/comments?post=175"}],"version-history":[{"count":8,"href":"https:\/\/artplanta.zengo.eu\/en\/wp-json\/wp\/v2\/pages\/175\/revisions"}],"predecessor-version":[{"id":1480,"href":"https:\/\/artplanta.zengo.eu\/en\/wp-json\/wp\/v2\/pages\/175\/revisions\/1480"}],"wp:attachment":[{"href":"https:\/\/artplanta.zengo.eu\/en\/wp-json\/wp\/v2\/media?parent=175"}],"curies":[{"name":"wp","href":"https:\/\/api.w.org\/{rel}","templated":true}]}}